{"id":1132,"date":"2020-06-05T15:56:29","date_gmt":"2020-06-05T06:56:29","guid":{"rendered":"https:\/\/glorious-engineers.com\/freedom\/?page_id=1132"},"modified":"2020-06-30T15:19:03","modified_gmt":"2020-06-30T06:19:03","slug":"%e3%83%a1%e3%83%bc%e3%83%ab%e5%8f%97%e4%bf%a1%e8%a8%ad%e5%ae%9a%e6%96%b9%e6%b3%95","status":"publish","type":"page","link":"https:\/\/glorious-engineers.com\/freedom\/?page_id=1132","title":{"rendered":"\u30e1\u30fc\u30eb\u53d7\u4fe1\u8a2d\u5b9a\u65b9\u6cd5"},"content":{"rendered":"\n<p>\u3000<br>\u3053\u3053\u3067\u306f\u3001\u30e1\u30fc\u30eb\u306e\u53d7\u4fe1\u8a2d\u5b9a\u306e\u65b9\u6cd5\u3092\u3054\u7d39\u4ecb\u3057\u3066\u3044\u307e\u3059\u3002<\/p>\n\n\n\n<p>\u3000<\/p>\n\n\n\n<p>\u5404\u7a2e\u30e1\u30fc\u30eb\u30b5\u30fc\u30d3\u30b9\u306e\u8ff7\u60d1\u30e1\u30fc\u30eb\u5bfe\u7b56\u304c\u975e\u5e38\u306b\u5f37\u529b\u306b\u306a\u3063\u3066\u304a\u308a\u3001\u5fc5\u8981\u306a\u30e1\u30fc\u30eb\u3082\u8ff7\u60d1\u30e1\u30fc\u30eb\u3068\u307f\u306a\u3055\u308c\u3066\u3057\u307e\u3046\u3053\u3068\u304c\u3042\u308a\u307e\u3059\u3002<br>\u3000<\/p>\n\n\n\n<p><strong>\u4ee5\u4e0b\u304b\u3089\u3001\u4f7f\u7528\u3057\u3066\u3044\u308b\u30e1\u30fc\u30eb\u30b5\u30fc\u30d3\u30b9\u306e\u7a2e\u985e\u5225\u306e\u53d7\u4fe1\u8a2d\u5b9a\u65b9\u6cd5\u3092\u78ba\u8a8d\u3067\u304d\u307e\u3059\u306e\u3067\u3001\u8a2d\u5b9a\u3057\u3066\u304a\u304f\u3053\u3068\u3092\u30aa\u30b9\u30b9\u30e1\u3057\u307e\u3059\u3002<\/strong><\/p>\n\n\n\n<p>\u3000<\/p>\n\n\n\n<h2>\u6211\u3005\u306e\u30e1\u30fc\u30eb\u3092\u53d7\u3051\u53d6\u308b\u305f\u3081\u306e\u53d7\u4fe1\u8a2d\u5b9a<\/h2>\n\n\n\n<p>\u3000<\/p>\n\n\n\n<p class=\"has-text-color has-medium-font-size has-vivid-red-color\"><strong>glorious-engineers.com<\/strong><\/p>\n\n\n\n<p>\u306e\u30c9\u30e1\u30a4\u30f3\u203b\u3092\u8a31\u53ef\u3059\u308b\u3088\u3046\u306b\u3057\u3066\u304f\u3060\u3055\u3044\u3002<\/p>\n\n\n\n<p class=\"has-normal-font-size\">\u3000<\/p>\n\n\n\n<p class=\"has-small-font-size\">\u203b\u30c9\u30e1\u30a4\u30f3\u306f\u30e1\u30fc\u30eb\u30a2\u30c9\u30ec\u30b9\u306e\u300c\u25cb\u25cb\u25cb\u25cb\uff20\u00d7\u00d7\u00d7.com\u300d\u306e\u300c\u00d7\u00d7\u00d7.com\u300d\u306e\u3053\u3068\u3067\u3059\u3002<\/p>\n\n\n\n<p>\u3000<\/p>\n\n\n\n<h3>Gmail\u3001Yahoo\u3001hotmail\u306a\u3069\u306e\u5834\u5408<\/h3>\n\n\n\n<p>\u3000<br>\u4ee5\u964d\u306f<a href=\"https:\/\/aqcg.jp\/email\/\">\u3053\u3061\u3089<\/a>\u3092\u53c2\u8003\u306b\u3057\u3066\u304f\u3060\u3055\u3044\u3002<\/p>\n\n\n\n<p>\u3000<\/p>\n\n\n\n<h3>iCloud\u30e1\u30fc\u30eb\uff08icloud.com\uff09\u306e\u5834\u5408<\/h3>\n\n\n\n<p><br>iCloud\u30e1\u30fc\u30eb\u306f\u8ff7\u60d1\u30e1\u30fc\u30eb\u5224\u5b9a\u3055\u308c\u3084\u3059\u3044\u306e\u3067\u3001\u30aa\u30b9\u30b9\u30e1\u3057\u307e\u305b\u3093\u3002\u3000<\/p>\n\n\n\n<p>\u3082\u3057\u4f7f\u7528\u3055\u308c\u308b\u306a\u3089<a style=\"font-weight: bold;\" href=\"https:\/\/support.apple.com\/kb\/PH2650?locale=ja_JP&amp;viewlocale=ja_JP\">\u3053\u3061\u3089<\/a>\u3092\u53c2\u8003\u306b\u3057\u3066\u304f\u3060\u3055\u3044\u3002<br>\u30d1\u30bd\u30b3\u30f3\uff08Windows\u3001Mac\uff09\u3067\u3057\u304b\u8a2d\u5b9a\u3067\u304d\u307e\u305b\u3093\u3002<\/p>\n\n\n\n<p>\u3000\u3000<\/p>\n\n\n\n<h3>docomo\uff08docomo.ne.jp\uff09\u306e\u5834\u5408<\/h3>\n\n\n\n<p><strong><a href=\"https:\/\/www.nttdocomo.co.jp\/info\/spam_mail\/spmode\/domain\/\">\u3053\u3061\u3089<\/a><\/strong>\u3092\u53c2\u8003\u306b\u3057\u3066\u304f\u3060\u3055\u3044\u3002<\/p>\n\n\n\n<p>\u3000<\/p>\n\n\n\n<h3>au\uff08ezweb.ne.jp\/au.com\uff09\u306e\u5834\u5408<\/h3>\n\n\n\n<p><strong><a href=\"https:\/\/www.au.com\/support\/service\/mobile\/trouble\/mail\/email\/filter\/detail\/domain\/\">\u3053\u3061\u3089<\/a><\/strong>\u3092\u53c2\u8003\u306b\u3057\u3066\u304f\u3060\u3055\u3044\u3002<\/p>\n\n\n\n<p>\u300c\u30c9\u30e1\u30a4\u30f3\u4e00\u81f4\u300d\u3092\u6307\u5b9a\u3059\u308b\u5834\u5408\u306f\u3001\u2191\u306e\u30a2\u30c9\u30ec\u30b9\u306e\u5148\u982d\u306b\u300c<strong>\uff20<\/strong>\u300d\uff08\u534a\u89d2\uff09\u3092\u3064\u3051\u3066\u304f\u3060\u3055\u3044\u3002<\/p>\n\n\n\n<p>\u3000<\/p>\n\n\n\n<h3>softbank\uff08softbank.ne.jp\/vodafone.ne.jp\/disney.ne.jp\u306a\u3069\uff09\u306e\u5834\u5408<\/h3>\n\n\n\n<p><strong><a href=\"https:\/\/www.softbank.jp\/mobile\/support\/mail\/antispam\/email-i\/white\/\">\u3053\u3061\u3089<\/a><\/strong>\u3092\u53c2\u8003\u306b\u3057\u3066\u304f\u3060\u3055\u3044\u3002<\/p>\n\n\n\n<p>\u3000<\/p>\n\n\n\n<h3>Y!mobile\uff08ymobile.ne.jp\uff09\u306e\u5834\u5408<\/h3>\n\n\n\n<p><strong><a href=\"https:\/\/www.ymobile.jp\/support\/faq\/view\/22873\">\u3053\u3061\u3089<\/a><\/strong>\u3092\u53c2\u8003\u306b\u3057\u3066\u304f\u3060\u3055\u3044\u3002<\/p>\n\n\n\n<p>\u3000<\/p>\n\n\n\n<p>\u305d\u308c\u4ee5\u5916\u306e\u5834\u5408\u306f\u3001<\/p>\n\n\n\n<p>\u5c11\u3057\u53e4\u3044\u60c5\u5831\u3067\u3059\u304c\u3001<strong><a href=\"http:\/\/46mail.net\/\">\u3053\u3061\u3089<\/a><\/strong>\u3092\u53c2\u8003\u306b\u3057\u3066\u304f\u3060\u3055\u3044\u3002<\/p>\n","protected":false},"excerpt":{"rendered":"<p>\u3000\u3053\u3053\u3067\u306f\u3001\u30e1\u30fc\u30eb\u306e\u53d7\u4fe1\u8a2d\u5b9a\u306e\u65b9\u6cd5\u3092\u3054\u7d39\u4ecb\u3057\u3066\u3044\u307e\u3059\u3002 \u3000 \u5404\u7a2e\u30e1\u30fc\u30eb\u30b5\u30fc\u30d3\u30b9\u306e\u8ff7\u60d1\u30e1\u30fc\u30eb\u5bfe\u7b56\u304c\u975e\u5e38\u306b\u5f37\u529b\u306b\u306a\u3063\u3066\u304a\u308a\u3001\u5fc5\u8981\u306a\u30e1\u30fc\u30eb\u3082\u8ff7\u60d1\u30e1\u30fc\u30eb\u3068\u307f\u306a\u3055\u308c\u3066\u3057\u307e\u3046\u3053\u3068\u304c\u3042\u308a\u307e\u3059 &#8230; <\/p>\n","protected":false},"author":2,"featured_media":0,"parent":0,"menu_order":25,"comment_status":"closed","ping_status":"closed","template":"","meta":{"spay_email":""},"_links":{"self":[{"href":"https:\/\/glorious-engineers.com\/freedom\/index.php?rest_route=\/wp\/v2\/pages\/1132"}],"collection":[{"href":"https:\/\/glorious-engineers.com\/freedom\/index.php?rest_route=\/wp\/v2\/pages"}],"about":[{"href":"https:\/\/glorious-engineers.com\/freedom\/index.php?rest_route=\/wp\/v2\/types\/page"}],"author":[{"embeddable":true,"href":"https:\/\/glorious-engineers.com\/freedom\/index.php?rest_route=\/wp\/v2\/users\/2"}],"replies":[{"embeddable":true,"href":"https:\/\/glorious-engineers.com\/freedom\/index.php?rest_route=%2Fwp%2Fv2%2Fcomments&post=1132"}],"version-history":[{"count":21,"href":"https:\/\/glorious-engineers.com\/freedom\/index.php?rest_route=\/wp\/v2\/pages\/1132\/revisions"}],"predecessor-version":[{"id":1173,"href":"https:\/\/glorious-engineers.com\/freedom\/index.php?rest_route=\/wp\/v2\/pages\/1132\/revisions\/1173"}],"wp:attachment":[{"href":"https:\/\/glorious-engineers.com\/freedom\/index.php?rest_route=%2Fwp%2Fv2%2Fmedia&parent=1132"}],"curies":[{"name":"wp","href":"https:\/\/api.w.org\/{rel}","templated":true}]}}